{"id":2062,"date":"2022-06-03T12:15:16","date_gmt":"2022-06-03T10:15:16","guid":{"rendered":"https:\/\/persichetti.trexya.com\/formen-fuer-kunststoffe\/"},"modified":"2024-02-06T16:52:11","modified_gmt":"2024-02-06T15:52:11","slug":"formen-fuer-kunststoffe","status":"publish","type":"page","link":"https:\/\/www.persichetti.biz\/de\/formen-fuer-kunststoffe\/","title":{"rendered":"FORMEN F\u00dcR KUNSTSTOFFE"},"content":{"rendered":"\t\t<div data-elementor-type=\"wp-page\" data-elementor-id=\"2062\" class=\"elementor elementor-2062 elementor-1306\" data-elementor-post-type=\"page\">\n\t\t\t\t\t\t<section class=\"elementor-section elementor-top-section elementor-element elementor-element-ff7b9e1 elementor-section-stretched elementor-section-boxed elementor-section-height-default elementor-section-height-default\" data-id=\"ff7b9e1\" data-element_type=\"section\" data-e-type=\"section\" data-settings=\"{&quot;stretch_section&quot;:&quot;section-stretched&quot;}\">\n\t\t\t\t\t\t\t<div class=\"elementor-background-overlay\"><\/div>\n\t\t\t\t\t\t\t<div class=\"elementor-container elementor-column-gap-default\">\n\t\t\t\t\t<div class=\"elementor-column elementor-col-66 elementor-top-column elementor-element elementor-element-da87432 elementor-invisible\" data-id=\"da87432\" data-element_type=\"column\" data-e-type=\"column\" data-settings=\"{&quot;animation&quot;:&quot;fadeInLeft&quot;}\">\n\t\t\t<div class=\"elementor-widget-wrap elementor-element-populated\">\n\t\t\t\t\t\t<div class=\"elementor-element elementor-element-92b42fe elementor-widget elementor-widget-heading\" data-id=\"92b42fe\" data-element_type=\"widget\" data-e-type=\"widget\" data-widget_type=\"heading.default\">\n\t\t\t\t<div class=\"elementor-widget-container\">\n\t\t\t\t\t<h2 class=\"elementor-heading-title elementor-size-default\">Formenfertigung<\/h2>\t\t\t\t<\/div>\n\t\t\t\t<\/div>\n\t\t\t\t<div class=\"elementor-element elementor-element-d7b36f0 elementor-widget elementor-widget-text-editor\" data-id=\"d7b36f0\" data-element_type=\"widget\" data-e-type=\"widget\" data-widget_type=\"text-editor.default\">\n\t\t\t\t<div class=\"elementor-widget-container\">\n\t\t\t\t\t\t\t\t\t<p>Unsere Formen f\u00fcr Kunststoffe werden werkseitig entworfen und hergestellt, von der Machbarkeitsanalyse und -pr\u00fcfung des vom Kunden gew\u00fcnschten Modells bis hin zur Endabnahme und zu den anschlie\u00dfenden Gr\u00f6\u00dfenpr\u00fcfungen an den Formst\u00fccken. Bleibt zudem die Form in unserem Unternehmen, gew\u00e4hren wir dem Kunden lebenslange Garantie.<\/p><\/p>\n\t\t\t\t\t\t\t\t<\/div>\n\t\t\t\t<\/div>\n\t\t\t\t\t<\/div>\n\t\t<\/div>\n\t\t\t\t<div class=\"elementor-column elementor-col-33 elementor-top-column elementor-element elementor-element-a46caf0 elementor-hidden-mobile elementor-invisible\" data-id=\"a46caf0\" data-element_type=\"column\" data-e-type=\"column\" data-settings=\"{&quot;background_background&quot;:&quot;classic&quot;,&quot;animation&quot;:&quot;fadeInDown&quot;}\">\n\t\t\t<div class=\"elementor-widget-wrap elementor-element-populated\">\n\t\t\t\t\t<div class=\"elementor-background-overlay\"><\/div>\n\t\t\t\t\t\t\t<\/div>\n\t\t<\/div>\n\t\t\t\t\t<\/div>\n\t\t<\/section>\n\t\t\t\t<section class=\"elementor-section elementor-top-section elementor-element elementor-element-3cc432c elementor-section-stretched elementor-section-boxed elementor-section-height-default elementor-section-height-default\" data-id=\"3cc432c\" data-element_type=\"section\" data-e-type=\"section\" data-settings=\"{&quot;stretch_section&quot;:&quot;section-stretched&quot;}\">\n\t\t\t\t\t\t\t<div class=\"elementor-background-overlay\"><\/div>\n\t\t\t\t\t\t\t<div class=\"elementor-container elementor-column-gap-extended\">\n\t\t\t\t\t<div class=\"elementor-column elementor-col-33 elementor-top-column elementor-element elementor-element-c19f8a5 elementor-invisible\" data-id=\"c19f8a5\" data-element_type=\"column\" data-e-type=\"column\" data-settings=\"{&quot;background_background&quot;:&quot;classic&quot;,&quot;animation&quot;:&quot;fadeInLeft&quot;}\">\n\t\t\t<div class=\"elementor-widget-wrap elementor-element-populated\">\n\t\t\t\t\t\t\t<\/div>\n\t\t<\/div>\n\t\t\t\t<div class=\"elementor-column elementor-col-66 elementor-top-column elementor-element elementor-element-3516697 elementor-hidden-mobile elementor-invisible\" data-id=\"3516697\" data-element_type=\"column\" data-e-type=\"column\" data-settings=\"{&quot;background_background&quot;:&quot;classic&quot;,&quot;animation&quot;:&quot;fadeInDown&quot;}\">\n\t\t\t<div class=\"elementor-widget-wrap elementor-element-populated\">\n\t\t\t\t\t<div class=\"elementor-background-overlay\"><\/div>\n\t\t\t\t\t\t<div class=\"elementor-element elementor-element-30bab6d elementor-widget elementor-widget-heading\" data-id=\"30bab6d\" data-element_type=\"widget\" data-e-type=\"widget\" data-widget_type=\"heading.default\">\n\t\t\t\t<div class=\"elementor-widget-container\">\n\t\t\t\t\t<h2 class=\"elementor-heading-title elementor-size-default\">Formtypen<\/h2>\t\t\t\t<\/div>\n\t\t\t\t<\/div>\n\t\t\t\t<div class=\"elementor-element elementor-element-c76fc6b elementor-widget elementor-widget-text-editor\" data-id=\"c76fc6b\" data-element_type=\"widget\" data-e-type=\"widget\" data-widget_type=\"text-editor.default\">\n\t\t\t\t<div class=\"elementor-widget-container\">\n\t\t\t\t\t\t\t\t\t<ul>\n<li><strong><span style=\"color: var( --e-global-color-text ); font-family: var( --e-global-typography-text-font-family ), Sans-serif;\"><a href=\"https:\/\/www.persichetti.biz\/de\/spritzguss\/\">Spritzgussformen f\u00fcr komplexe<\/a>, hoch pr\u00e4zise Bauteile<\/span><\/strong><\/li>\n<\/ul>\n<div> <\/div>\n<ul>\n<li><strong>Bi-Injektionsformen oder Co-Moulding<\/strong><\/li>\n<\/ul>\n<div><span style=\"color: #282828;\"><b> <\/b><\/span><\/div>\n<ul>\n<li><strong><span style=\"color: var( --e-global-color-text ); font-family: var( --e-global-typography-text-font-family ), Sans-serif;\">Formen mit komplexen Bewegungen, Ausschraubungen und hei\u00dfen Kammern<\/span><\/strong><\/li>\n<\/ul>\n<p><span style=\"color: var( --e-global-color-text ); font-family: var( --e-global-typography-text-font-family ), Sans-serif;\"> <\/span><\/p>\n<p><span style=\"color: var( --e-global-color-text ); font-family: var( --e-global-typography-text-font-family ), Sans-serif; font-weight: var( --e-global-typography-text-font-weight );\"> <\/span><\/p>\n<p><span style=\"color: var( --e-global-color-text ); font-family: var( --e-global-typography-text-font-family ), Sans-serif; font-weight: var( --e-global-typography-text-font-weight );\"> <\/span><\/p>\n<p><span style=\"color: var( --e-global-color-text ); font-family: var( --e-global-typography-text-font-family ), Sans-serif; font-weight: var( --e-global-typography-text-font-weight );\"> <\/span><\/p>\n\t\t\t\t\t\t\t\t<\/div>\n\t\t\t\t<\/div>\n\t\t\t\t\t<\/div>\n\t\t<\/div>\n\t\t\t\t\t<\/div>\n\t\t<\/section>\n\t\t\t\t<section class=\"elementor-section elementor-top-section elementor-element elementor-element-78a696c elementor-section-stretched elementor-section-boxed elementor-section-height-default elementor-section-height-default\" data-id=\"78a696c\" data-element_type=\"section\" data-e-type=\"section\" data-settings=\"{&quot;stretch_section&quot;:&quot;section-stretched&quot;}\">\n\t\t\t\t\t\t\t<div class=\"elementor-background-overlay\"><\/div>\n\t\t\t\t\t\t\t<div class=\"elementor-container elementor-column-gap-default\">\n\t\t\t\t\t<div class=\"elementor-column elementor-col-33 elementor-top-column elementor-element elementor-element-993cab6\" data-id=\"993cab6\" data-element_type=\"column\" data-e-type=\"column\">\n\t\t\t<div class=\"elementor-widget-wrap elementor-element-populated\">\n\t\t\t\t\t\t<div class=\"elementor-element elementor-element-474a10a elementor-widget elementor-widget-heading\" data-id=\"474a10a\" data-element_type=\"widget\" data-e-type=\"widget\" data-widget_type=\"heading.default\">\n\t\t\t\t<div class=\"elementor-widget-container\">\n\t\t\t\t\t<h2 class=\"elementor-heading-title elementor-size-default\">Abteilung Maschinenwerkstatt<\/h2>\t\t\t\t<\/div>\n\t\t\t\t<\/div>\n\t\t\t\t<div class=\"elementor-element elementor-element-bd5c29c elementor-widget elementor-widget-text-editor\" data-id=\"bd5c29c\" data-element_type=\"widget\" data-e-type=\"widget\" data-widget_type=\"text-editor.default\">\n\t\t\t\t<div class=\"elementor-widget-container\">\n\t\t\t\t\t\t\t\t\t<p>Unsere Maschinenwerkstatt ist komplett computerisiert und verf\u00fcgt \u00fcber einen gro\u00dfen, laufend aktualisierten und technologisch fortschrittlichen Fuhrpark, der von hochspezialisierten Mitarbeitern bedient wird. <\/p>\n\t\t\t\t\t\t\t\t<\/div>\n\t\t\t\t<\/div>\n\t\t\t\t<div class=\"elementor-element elementor-element-3dc5ce3 elementor-widget elementor-widget-image\" data-id=\"3dc5ce3\" data-element_type=\"widget\" data-e-type=\"widget\" data-widget_type=\"image.default\">\n\t\t\t\t<div class=\"elementor-widget-container\">\n\t\t\t\t\t\t\t\t\t\t\t\t\t\t\t<img fetchpriority=\"high\" decoding=\"async\" width=\"1920\" height=\"1280\" src=\"https:\/\/www.persichetti.biz\/wp-content\/uploads\/2022\/06\/reparto_officina.jpg\" class=\"attachment-full size-full wp-image-1433\" alt=\"\" srcset=\"https:\/\/www.persichetti.biz\/wp-content\/uploads\/2022\/06\/reparto_officina.jpg 1920w, https:\/\/www.persichetti.biz\/wp-content\/uploads\/2022\/06\/reparto_officina-300x200.jpg 300w, https:\/\/www.persichetti.biz\/wp-content\/uploads\/2022\/06\/reparto_officina-1024x683.jpg 1024w, https:\/\/www.persichetti.biz\/wp-content\/uploads\/2022\/06\/reparto_officina-768x512.jpg 768w, https:\/\/www.persichetti.biz\/wp-content\/uploads\/2022\/06\/reparto_officina-1536x1024.jpg 1536w\" sizes=\"(max-width: 1920px) 100vw, 1920px\" \/>\t\t\t\t\t\t\t\t\t\t\t\t\t\t\t<\/div>\n\t\t\t\t<\/div>\n\t\t\t\t\t<\/div>\n\t\t<\/div>\n\t\t\t\t<div class=\"elementor-column elementor-col-66 elementor-top-column elementor-element elementor-element-d4a89fa\" data-id=\"d4a89fa\" data-element_type=\"column\" data-e-type=\"column\">\n\t\t\t<div class=\"elementor-widget-wrap elementor-element-populated\">\n\t\t\t\t\t\t<div class=\"elementor-element elementor-element-ebd72a2 elementor-widget elementor-widget-text-editor\" data-id=\"ebd72a2\" data-element_type=\"widget\" data-e-type=\"widget\" data-widget_type=\"text-editor.default\">\n\t\t\t\t<div class=\"elementor-widget-container\">\n\t\t\t\t\t\t\t\t\t<ul>\n<li><strong>Cad Cam Cimatron &#8211; System<\/strong><\/li>\n<li><strong>Cam Open Mind &#8211; System mit 5 kontinuierlichen Achsen<\/strong><\/li>\n<li><strong>Draht &#8211; Cam Fikus mit 4 Achsen<\/strong><\/li>\n<li><strong>3 &#8211; Achsen &#8211; Fr\u00e4smaschine Kondia Arbeitsbereich 1000x600x500<\/strong><\/li>\n<li><strong>3 &#8211; Achsen &#8211; Fr\u00e4smaschine Sigma Arbeitsbereich 1600x850x650<\/strong><\/li>\n<li><strong>3 &#8211; Achsen &#8211; Hochgeschwindigkeits &#8211; Fr\u00e4smaschine Omv Arbeitsbereich 2000x1300x850<\/strong><\/li>\n<li><strong>5 &#8211; Achsen &#8211; Hochgeschwindigkeits &#8211; Fr\u00e4smaschine Micron Arbeitsbereich 850x850x600<\/strong><\/li>\n<li><strong>6 &#8211; Achsen &#8211; Fr\u00e4smaschine FPT Arbeitsbereich 2500x1800x1800<\/strong><\/li>\n<li><strong>7 &#8211; Achsen &#8211; Bohrmaschine IMSA MF1250-2FL Arbeitsbereich 1700&#215;955 Bohrtiefe 1.250<\/strong><\/li>\n<li><strong>4 &#8211; Achsen &#8211; Drahterodiermaschine AgieCharmilles Arbeitsbereich 800x550x510 (max. Abm. pro St\u00fcck 1300x1000x510)<\/strong><\/li>\n<li><strong>4 &#8211; Achsen &#8211; Senkerodiermaschine AgieCharmilles Arbeitsbereich 900x700x500 (Abm. Wanne 1814x1215x700)<\/strong><\/li>\n<li><strong>4 &#8211; Achsen &#8211; Senkerodiermaschine Cormac Arbeitsbereich 1200&#215;800<\/strong><\/li>\n<li><strong>CNC &#8211; Drehmaschine Comev Spitzenh\u00f6he 300&#215;2000<\/strong><br \/><strong>Drehmaschine Comev Spitzenh\u00f6he 26&#215;1500<\/strong><\/li>\n<li><strong>Tangentialschleifmaschine Favretto Arbeitsbereich 700&#215;1300<\/strong><\/li>\n<li><strong>Formenpr\u00fcf-\/Montagepresse Millutensil<\/strong><\/li>\n<li><strong>Radialbohrmaschine Bergonzi 40&#215;1000<\/strong><\/li>\n<li><strong>Diverse Werkzeuge zur Erg\u00e4nzung<\/strong><\/li>\n<\/ul>\n\t\t\t\t\t\t\t\t<\/div>\n\t\t\t\t<\/div>\n\t\t\t\t\t<\/div>\n\t\t<\/div>\n\t\t\t\t\t<\/div>\n\t\t<\/section>\n\t\t\t\t<\/div>\n\t\t","protected":false},"excerpt":{"rendered":"<p>Formenfertigung Unsere Formen f\u00fcr Kunststoffe werden werkseitig entworfen und hergestellt, von der Machbarkeitsanalyse und -pr\u00fcfung des vom Kunden gew\u00fcnschten Modells bis hin zur Endabnahme und zu den anschlie\u00dfenden Gr\u00f6\u00dfenpr\u00fcfungen an den Formst\u00fccken. Bleibt zudem die Form in unserem Unternehmen, gew\u00e4hren wir dem Kunden lebenslange Garantie. Formtypen Spritzgussformen f\u00fcr komplexe, hoch pr\u00e4zise Bauteile Bi-Injektionsformen oder Co-Moulding [&hellip;]<\/p>\n","protected":false},"author":1,"featured_media":1667,"parent":0,"menu_order":0,"comment_status":"closed","ping_status":"closed","template":"","meta":{"footnotes":""},"class_list":["post-2062","page","type-page","status-publish","has-post-thumbnail","hentry"],"yoast_head":"<!-- This site is optimized with the Yoast SEO plugin v27.5 - https:\/\/yoast.com\/product\/yoast-seo-wordpress\/ -->\n<title>FORMEN F\u00dcR KUNSTSTOFFE - Persichetti stampi<\/title>\n<meta name=\"robots\" content=\"index, follow, max-snippet:-1, max-image-preview:large, max-video-preview:-1\" \/>\n<link rel=\"canonical\" href=\"https:\/\/www.persichetti.biz\/de\/formen-fuer-kunststoffe\/\" \/>\n<meta property=\"og:locale\" content=\"de_DE\" \/>\n<meta property=\"og:type\" content=\"article\" \/>\n<meta property=\"og:title\" content=\"FORMEN F\u00dcR KUNSTSTOFFE - Persichetti stampi\" \/>\n<meta property=\"og:description\" content=\"Formenfertigung Unsere Formen f\u00fcr Kunststoffe werden werkseitig entworfen und hergestellt, von der Machbarkeitsanalyse und -pr\u00fcfung des vom Kunden gew\u00fcnschten Modells bis hin zur Endabnahme und zu den anschlie\u00dfenden Gr\u00f6\u00dfenpr\u00fcfungen an den Formst\u00fccken. Bleibt zudem die Form in unserem Unternehmen, gew\u00e4hren wir dem Kunden lebenslange Garantie. Formtypen Spritzgussformen f\u00fcr komplexe, hoch pr\u00e4zise Bauteile Bi-Injektionsformen oder Co-Moulding [&hellip;]\" \/>\n<meta property=\"og:url\" content=\"https:\/\/www.persichetti.biz\/de\/formen-fuer-kunststoffe\/\" \/>\n<meta property=\"og:site_name\" content=\"Persichetti stampi\" \/>\n<meta property=\"article:modified_time\" content=\"2024-02-06T15:52:11+00:00\" \/>\n<meta property=\"og:image\" content=\"https:\/\/www.persichetti.biz\/wp-content\/uploads\/2022\/07\/FIL3341.jpg\" \/>\n\t<meta property=\"og:image:width\" content=\"1920\" \/>\n\t<meta property=\"og:image:height\" content=\"1280\" \/>\n\t<meta property=\"og:image:type\" content=\"image\/jpeg\" \/>\n<meta name=\"twitter:card\" content=\"summary_large_image\" \/>\n<meta name=\"twitter:label1\" content=\"Gesch\u00e4tzte Lesezeit\" \/>\n\t<meta name=\"twitter:data1\" content=\"2\u00a0Minuten\" \/>\n<script type=\"application\/ld+json\" class=\"yoast-schema-graph\">{\"@context\":\"https:\\\/\\\/schema.org\",\"@graph\":[{\"@type\":\"WebPage\",\"@id\":\"https:\\\/\\\/www.persichetti.biz\\\/de\\\/formen-fuer-kunststoffe\\\/\",\"url\":\"https:\\\/\\\/www.persichetti.biz\\\/de\\\/formen-fuer-kunststoffe\\\/\",\"name\":\"FORMEN F\u00dcR KUNSTSTOFFE - Persichetti stampi\",\"isPartOf\":{\"@id\":\"https:\\\/\\\/www.persichetti.biz\\\/#website\"},\"primaryImageOfPage\":{\"@id\":\"https:\\\/\\\/www.persichetti.biz\\\/de\\\/formen-fuer-kunststoffe\\\/#primaryimage\"},\"image\":{\"@id\":\"https:\\\/\\\/www.persichetti.biz\\\/de\\\/formen-fuer-kunststoffe\\\/#primaryimage\"},\"thumbnailUrl\":\"https:\\\/\\\/www.persichetti.biz\\\/wp-content\\\/uploads\\\/2022\\\/07\\\/FIL3341.jpg\",\"datePublished\":\"2022-06-03T10:15:16+00:00\",\"dateModified\":\"2024-02-06T15:52:11+00:00\",\"breadcrumb\":{\"@id\":\"https:\\\/\\\/www.persichetti.biz\\\/de\\\/formen-fuer-kunststoffe\\\/#breadcrumb\"},\"inLanguage\":\"de\",\"potentialAction\":[{\"@type\":\"ReadAction\",\"target\":[\"https:\\\/\\\/www.persichetti.biz\\\/de\\\/formen-fuer-kunststoffe\\\/\"]}]},{\"@type\":\"ImageObject\",\"inLanguage\":\"de\",\"@id\":\"https:\\\/\\\/www.persichetti.biz\\\/de\\\/formen-fuer-kunststoffe\\\/#primaryimage\",\"url\":\"https:\\\/\\\/www.persichetti.biz\\\/wp-content\\\/uploads\\\/2022\\\/07\\\/FIL3341.jpg\",\"contentUrl\":\"https:\\\/\\\/www.persichetti.biz\\\/wp-content\\\/uploads\\\/2022\\\/07\\\/FIL3341.jpg\",\"width\":1920,\"height\":1280},{\"@type\":\"BreadcrumbList\",\"@id\":\"https:\\\/\\\/www.persichetti.biz\\\/de\\\/formen-fuer-kunststoffe\\\/#breadcrumb\",\"itemListElement\":[{\"@type\":\"ListItem\",\"position\":1,\"name\":\"Home\",\"item\":\"https:\\\/\\\/www.persichetti.biz\\\/de\\\/\"},{\"@type\":\"ListItem\",\"position\":2,\"name\":\"FORMEN F\u00dcR KUNSTSTOFFE\"}]},{\"@type\":\"WebSite\",\"@id\":\"https:\\\/\\\/www.persichetti.biz\\\/#website\",\"url\":\"https:\\\/\\\/www.persichetti.biz\\\/\",\"name\":\"Persichetti stampi\",\"description\":\"Un nuovo sito targato WordPress\",\"publisher\":{\"@id\":\"https:\\\/\\\/www.persichetti.biz\\\/#organization\"},\"potentialAction\":[{\"@type\":\"SearchAction\",\"target\":{\"@type\":\"EntryPoint\",\"urlTemplate\":\"https:\\\/\\\/www.persichetti.biz\\\/?s={search_term_string}\"},\"query-input\":{\"@type\":\"PropertyValueSpecification\",\"valueRequired\":true,\"valueName\":\"search_term_string\"}}],\"inLanguage\":\"de\"},{\"@type\":\"Organization\",\"@id\":\"https:\\\/\\\/www.persichetti.biz\\\/#organization\",\"name\":\"Persichetti Stampi\",\"url\":\"https:\\\/\\\/www.persichetti.biz\\\/\",\"logo\":{\"@type\":\"ImageObject\",\"inLanguage\":\"de\",\"@id\":\"https:\\\/\\\/www.persichetti.biz\\\/#\\\/schema\\\/logo\\\/image\\\/\",\"url\":\"https:\\\/\\\/www.persichetti.biz\\\/wp-content\\\/uploads\\\/2022\\\/02\\\/Logo-Persichetti-srl-semplificato-colore.png\",\"contentUrl\":\"https:\\\/\\\/www.persichetti.biz\\\/wp-content\\\/uploads\\\/2022\\\/02\\\/Logo-Persichetti-srl-semplificato-colore.png\",\"width\":825,\"height\":165,\"caption\":\"Persichetti Stampi\"},\"image\":{\"@id\":\"https:\\\/\\\/www.persichetti.biz\\\/#\\\/schema\\\/logo\\\/image\\\/\"}}]}<\/script>\n<!-- \/ Yoast SEO plugin. -->","yoast_head_json":{"title":"FORMEN F\u00dcR KUNSTSTOFFE - Persichetti stampi","robots":{"index":"index","follow":"follow","max-snippet":"max-snippet:-1","max-image-preview":"max-image-preview:large","max-video-preview":"max-video-preview:-1"},"canonical":"https:\/\/www.persichetti.biz\/de\/formen-fuer-kunststoffe\/","og_locale":"de_DE","og_type":"article","og_title":"FORMEN F\u00dcR KUNSTSTOFFE - Persichetti stampi","og_description":"Formenfertigung Unsere Formen f\u00fcr Kunststoffe werden werkseitig entworfen und hergestellt, von der Machbarkeitsanalyse und -pr\u00fcfung des vom Kunden gew\u00fcnschten Modells bis hin zur Endabnahme und zu den anschlie\u00dfenden Gr\u00f6\u00dfenpr\u00fcfungen an den Formst\u00fccken. Bleibt zudem die Form in unserem Unternehmen, gew\u00e4hren wir dem Kunden lebenslange Garantie. Formtypen Spritzgussformen f\u00fcr komplexe, hoch pr\u00e4zise Bauteile Bi-Injektionsformen oder Co-Moulding [&hellip;]","og_url":"https:\/\/www.persichetti.biz\/de\/formen-fuer-kunststoffe\/","og_site_name":"Persichetti stampi","article_modified_time":"2024-02-06T15:52:11+00:00","og_image":[{"width":1920,"height":1280,"url":"https:\/\/www.persichetti.biz\/wp-content\/uploads\/2022\/07\/FIL3341.jpg","type":"image\/jpeg"}],"twitter_card":"summary_large_image","twitter_misc":{"Gesch\u00e4tzte Lesezeit":"2\u00a0Minuten"},"schema":{"@context":"https:\/\/schema.org","@graph":[{"@type":"WebPage","@id":"https:\/\/www.persichetti.biz\/de\/formen-fuer-kunststoffe\/","url":"https:\/\/www.persichetti.biz\/de\/formen-fuer-kunststoffe\/","name":"FORMEN F\u00dcR KUNSTSTOFFE - Persichetti stampi","isPartOf":{"@id":"https:\/\/www.persichetti.biz\/#website"},"primaryImageOfPage":{"@id":"https:\/\/www.persichetti.biz\/de\/formen-fuer-kunststoffe\/#primaryimage"},"image":{"@id":"https:\/\/www.persichetti.biz\/de\/formen-fuer-kunststoffe\/#primaryimage"},"thumbnailUrl":"https:\/\/www.persichetti.biz\/wp-content\/uploads\/2022\/07\/FIL3341.jpg","datePublished":"2022-06-03T10:15:16+00:00","dateModified":"2024-02-06T15:52:11+00:00","breadcrumb":{"@id":"https:\/\/www.persichetti.biz\/de\/formen-fuer-kunststoffe\/#breadcrumb"},"inLanguage":"de","potentialAction":[{"@type":"ReadAction","target":["https:\/\/www.persichetti.biz\/de\/formen-fuer-kunststoffe\/"]}]},{"@type":"ImageObject","inLanguage":"de","@id":"https:\/\/www.persichetti.biz\/de\/formen-fuer-kunststoffe\/#primaryimage","url":"https:\/\/www.persichetti.biz\/wp-content\/uploads\/2022\/07\/FIL3341.jpg","contentUrl":"https:\/\/www.persichetti.biz\/wp-content\/uploads\/2022\/07\/FIL3341.jpg","width":1920,"height":1280},{"@type":"BreadcrumbList","@id":"https:\/\/www.persichetti.biz\/de\/formen-fuer-kunststoffe\/#breadcrumb","itemListElement":[{"@type":"ListItem","position":1,"name":"Home","item":"https:\/\/www.persichetti.biz\/de\/"},{"@type":"ListItem","position":2,"name":"FORMEN F\u00dcR KUNSTSTOFFE"}]},{"@type":"WebSite","@id":"https:\/\/www.persichetti.biz\/#website","url":"https:\/\/www.persichetti.biz\/","name":"Persichetti stampi","description":"Un nuovo sito targato WordPress","publisher":{"@id":"https:\/\/www.persichetti.biz\/#organization"},"potentialAction":[{"@type":"SearchAction","target":{"@type":"EntryPoint","urlTemplate":"https:\/\/www.persichetti.biz\/?s={search_term_string}"},"query-input":{"@type":"PropertyValueSpecification","valueRequired":true,"valueName":"search_term_string"}}],"inLanguage":"de"},{"@type":"Organization","@id":"https:\/\/www.persichetti.biz\/#organization","name":"Persichetti Stampi","url":"https:\/\/www.persichetti.biz\/","logo":{"@type":"ImageObject","inLanguage":"de","@id":"https:\/\/www.persichetti.biz\/#\/schema\/logo\/image\/","url":"https:\/\/www.persichetti.biz\/wp-content\/uploads\/2022\/02\/Logo-Persichetti-srl-semplificato-colore.png","contentUrl":"https:\/\/www.persichetti.biz\/wp-content\/uploads\/2022\/02\/Logo-Persichetti-srl-semplificato-colore.png","width":825,"height":165,"caption":"Persichetti Stampi"},"image":{"@id":"https:\/\/www.persichetti.biz\/#\/schema\/logo\/image\/"}}]}},"_links":{"self":[{"href":"https:\/\/www.persichetti.biz\/de\/wp-json\/wp\/v2\/pages\/2062","targetHints":{"allow":["GET"]}}],"collection":[{"href":"https:\/\/www.persichetti.biz\/de\/wp-json\/wp\/v2\/pages"}],"about":[{"href":"https:\/\/www.persichetti.biz\/de\/wp-json\/wp\/v2\/types\/page"}],"author":[{"embeddable":true,"href":"https:\/\/www.persichetti.biz\/de\/wp-json\/wp\/v2\/users\/1"}],"replies":[{"embeddable":true,"href":"https:\/\/www.persichetti.biz\/de\/wp-json\/wp\/v2\/comments?post=2062"}],"version-history":[{"count":3,"href":"https:\/\/www.persichetti.biz\/de\/wp-json\/wp\/v2\/pages\/2062\/revisions"}],"predecessor-version":[{"id":2784,"href":"https:\/\/www.persichetti.biz\/de\/wp-json\/wp\/v2\/pages\/2062\/revisions\/2784"}],"wp:featuredmedia":[{"embeddable":true,"href":"https:\/\/www.persichetti.biz\/de\/wp-json\/wp\/v2\/media\/1667"}],"wp:attachment":[{"href":"https:\/\/www.persichetti.biz\/de\/wp-json\/wp\/v2\/media?parent=2062"}],"curies":[{"name":"wp","href":"https:\/\/api.w.org\/{rel}","templated":true}]}}