{"id":2060,"date":"2022-02-03T10:59:04","date_gmt":"2022-02-03T09:59:04","guid":{"rendered":"https:\/\/persichetti.trexya.com\/entwurf\/"},"modified":"2022-09-23T18:31:19","modified_gmt":"2022-09-23T16:31:19","slug":"entwurf","status":"publish","type":"page","link":"https:\/\/www.persichetti.biz\/de\/entwurf\/","title":{"rendered":"Entwurf"},"content":{"rendered":"\t\t<div data-elementor-type=\"wp-page\" data-elementor-id=\"2060\" class=\"elementor elementor-2060 elementor-733\" data-elementor-post-type=\"page\">\n\t\t\t\t\t\t<section class=\"elementor-section elementor-top-section elementor-element elementor-element-ff7b9e1 elementor-section-stretched elementor-section-boxed elementor-section-height-default elementor-section-height-default\" data-id=\"ff7b9e1\" data-element_type=\"section\" data-e-type=\"section\" data-settings=\"{&quot;stretch_section&quot;:&quot;section-stretched&quot;}\">\n\t\t\t\t\t\t\t<div class=\"elementor-background-overlay\"><\/div>\n\t\t\t\t\t\t\t<div class=\"elementor-container elementor-column-gap-default\">\n\t\t\t\t\t<div class=\"elementor-column elementor-col-66 elementor-top-column elementor-element elementor-element-da87432 elementor-invisible\" data-id=\"da87432\" data-element_type=\"column\" data-e-type=\"column\" data-settings=\"{&quot;animation&quot;:&quot;fadeInLeft&quot;}\">\n\t\t\t<div class=\"elementor-widget-wrap elementor-element-populated\">\n\t\t\t\t\t\t<div class=\"elementor-element elementor-element-92b42fe elementor-widget elementor-widget-heading\" data-id=\"92b42fe\" data-element_type=\"widget\" data-e-type=\"widget\" data-widget_type=\"heading.default\">\n\t\t\t\t<div class=\"elementor-widget-container\">\n\t\t\t\t\t<h2 class=\"elementor-heading-title elementor-size-default\">Industrielle Planung und Co-Design\n<\/h2>\t\t\t\t<\/div>\n\t\t\t\t<\/div>\n\t\t\t\t<div class=\"elementor-element elementor-element-d7b36f0 elementor-widget elementor-widget-text-editor\" data-id=\"d7b36f0\" data-element_type=\"widget\" data-e-type=\"widget\" data-widget_type=\"text-editor.default\">\n\t\t\t\t<div class=\"elementor-widget-container\">\n\t\t\t\t\t\t\t\t\t<p>Ausgehend von der Entwicklung einer Idee in Hinsicht auf Machbarkeit, Design und sonstige technische Aspekte kann unser technisches B\u00fcro dem Kunden vom Entwurf bis zur endg\u00fcltigen Fertigung des Produkts zur Seite stehen und dabei h\u00f6chste Qualit\u00e4t gew\u00e4hrleisten. Wir streben immer nach den besten L\u00f6sungen, um ein Produkt garantieren zu k\u00f6nnen, das den Bed\u00fcrfnissen und Anwendungsbereichen des Kunden entspricht.<\/p><p>Die Planung inkludiert einen Service zur Beratung und Unterst\u00fctzung bei der Auswahl des am besten f\u00fcr die Fertigung geeigneten Materials sowie Vorschl\u00e4ge, die als Mehrwert f\u00fcr das Endprodukt dienen sollen. Zudem kann dank der <strong>raschen Prototypisierung<\/strong> das zu fertigende Objekt noch vor der Herstellung der Form getestet werden.<\/p><p>Unsere Planungsabteilung umfasst drei Bereiche, die mit zwei-dreidimensionalem <strong>CAD CIMATRON<\/strong> und einem Bereich mit <strong>CAM OPEN MIND<\/strong> mit 5 kontinuierlichen Achsen ausgestattet sind.<br>Wir liefern auch folgende Serviceleistungen, die dazu dienen, im Voraus produkttechnische Probleme zu l\u00f6sen, indem die Planungsphase simuliert und optimiert wird:<\/p><p>\u2022 <strong>Statische und dynamische Strukturanalyse <\/strong><br><strong>\u2022 Flussanalyse<\/strong><\/p>\t\t\t\t\t\t\t\t<\/div>\n\t\t\t\t<\/div>\n\t\t\t\t\t<\/div>\n\t\t<\/div>\n\t\t\t\t<div class=\"elementor-column elementor-col-33 elementor-top-column elementor-element elementor-element-a46caf0 elementor-hidden-mobile elementor-invisible\" data-id=\"a46caf0\" data-element_type=\"column\" data-e-type=\"column\" data-settings=\"{&quot;background_background&quot;:&quot;classic&quot;,&quot;animation&quot;:&quot;fadeInDown&quot;}\">\n\t\t\t<div class=\"elementor-widget-wrap elementor-element-populated\">\n\t\t\t\t\t<div class=\"elementor-background-overlay\"><\/div>\n\t\t\t\t\t\t\t<\/div>\n\t\t<\/div>\n\t\t\t\t\t<\/div>\n\t\t<\/section>\n\t\t\t\t<section class=\"elementor-section elementor-top-section elementor-element elementor-element-3cc432c elementor-section-stretched elementor-section-boxed elementor-section-height-default elementor-section-height-default\" data-id=\"3cc432c\" data-element_type=\"section\" data-e-type=\"section\" data-settings=\"{&quot;stretch_section&quot;:&quot;section-stretched&quot;}\">\n\t\t\t\t\t\t\t<div class=\"elementor-background-overlay\"><\/div>\n\t\t\t\t\t\t\t<div class=\"elementor-container elementor-column-gap-extended\">\n\t\t\t\t\t<div class=\"elementor-column elementor-col-33 elementor-top-column elementor-element elementor-element-c19f8a5 elementor-invisible\" data-id=\"c19f8a5\" data-element_type=\"column\" data-e-type=\"column\" data-settings=\"{&quot;background_background&quot;:&quot;classic&quot;,&quot;animation&quot;:&quot;fadeInLeft&quot;}\">\n\t\t\t<div class=\"elementor-widget-wrap elementor-element-populated\">\n\t\t\t\t\t\t\t<\/div>\n\t\t<\/div>\n\t\t\t\t<div class=\"elementor-column elementor-col-66 elementor-top-column elementor-element elementor-element-3516697 elementor-hidden-mobile elementor-invisible\" data-id=\"3516697\" data-element_type=\"column\" data-e-type=\"column\" data-settings=\"{&quot;background_background&quot;:&quot;classic&quot;,&quot;animation&quot;:&quot;fadeInDown&quot;}\">\n\t\t\t<div class=\"elementor-widget-wrap elementor-element-populated\">\n\t\t\t\t\t<div class=\"elementor-background-overlay\"><\/div>\n\t\t\t\t\t\t<div class=\"elementor-element elementor-element-30bab6d elementor-widget elementor-widget-heading\" data-id=\"30bab6d\" data-element_type=\"widget\" data-e-type=\"widget\" data-widget_type=\"heading.default\">\n\t\t\t\t<div class=\"elementor-widget-container\">\n\t\t\t\t\t<h2 class=\"elementor-heading-title elementor-size-default\">Statische und dynamische Strukturanalyse \n<\/h2>\t\t\t\t<\/div>\n\t\t\t\t<\/div>\n\t\t\t\t<div class=\"elementor-element elementor-element-c76fc6b elementor-widget elementor-widget-text-editor\" data-id=\"c76fc6b\" data-element_type=\"widget\" data-e-type=\"widget\" data-widget_type=\"text-editor.default\">\n\t\t\t\t<div class=\"elementor-widget-container\">\n\t\t\t\t\t\t\t\t\tAnhand einer sorgf\u00e4ltigen Analyse seitens unserer Techniker k\u00f6nnen wir im Vorfeld den Widerstandsgrad des Produkts bestimmen sowie die Verteilung der inneren Kr\u00e4fte, Spannungen und Verformungen erfahren. \nWir k\u00f6nnen somit im Voraus all jene Probleme l\u00f6sen, die sich negativ auf die Produkttechnik auswirken k\u00f6nnten.\n\t\t\t\t\t\t\t\t<\/div>\n\t\t\t\t<\/div>\n\t\t\t\t\t<\/div>\n\t\t<\/div>\n\t\t\t\t\t<\/div>\n\t\t<\/section>\n\t\t\t\t<section class=\"elementor-section elementor-top-section elementor-element elementor-element-6a73320 elementor-section-stretched elementor-section-boxed elementor-section-height-default elementor-section-height-default\" data-id=\"6a73320\" data-element_type=\"section\" data-e-type=\"section\" data-settings=\"{&quot;stretch_section&quot;:&quot;section-stretched&quot;}\">\n\t\t\t\t\t\t\t<div class=\"elementor-background-overlay\"><\/div>\n\t\t\t\t\t\t\t<div class=\"elementor-container elementor-column-gap-extended\">\n\t\t\t\t\t<div class=\"elementor-column elementor-col-66 elementor-top-column elementor-element elementor-element-da5010a elementor-invisible\" data-id=\"da5010a\" data-element_type=\"column\" data-e-type=\"column\" data-settings=\"{&quot;animation&quot;:&quot;fadeInLeft&quot;}\">\n\t\t\t<div class=\"elementor-widget-wrap elementor-element-populated\">\n\t\t\t\t\t\t<div class=\"elementor-element elementor-element-2099cf2 elementor-widget elementor-widget-heading\" data-id=\"2099cf2\" data-element_type=\"widget\" data-e-type=\"widget\" data-widget_type=\"heading.default\">\n\t\t\t\t<div class=\"elementor-widget-container\">\n\t\t\t\t\t<h2 class=\"elementor-heading-title elementor-size-default\">Flussanalyse<\/h2>\t\t\t\t<\/div>\n\t\t\t\t<\/div>\n\t\t\t\t<div class=\"elementor-element elementor-element-924e68d elementor-widget elementor-widget-text-editor\" data-id=\"924e68d\" data-element_type=\"widget\" data-e-type=\"widget\" data-widget_type=\"text-editor.default\">\n\t\t\t\t<div class=\"elementor-widget-container\">\n\t\t\t\t\t\t\t\t\tDank unserer Softwares und Technologien, auf die wir uns st\u00fctzen, ist es uns m\u00f6glich, die diversen Planungsphasen anhand der Computersiumulationen zu optimieren.\nDamit sind wichtige Vorteile sowohl in Hinblick auf die Kosten verbunden, da sich der Kunde allf\u00e4llige \u00c4nderungen nach der Fertigstellung und die Anzahl der f\u00fcr die Fertigung erforderlichen konkreten Prototypen ersparen kann, als auch in Hinblick auf die Verk\u00fcrzung der Fristen und die Zuverl\u00e4ssigkeit der Produktstruktur.\n\t\t\t\t\t\t\t\t<\/div>\n\t\t\t\t<\/div>\n\t\t\t\t\t<\/div>\n\t\t<\/div>\n\t\t\t\t<div class=\"elementor-column elementor-col-33 elementor-top-column elementor-element elementor-element-4af523f elementor-hidden-mobile elementor-invisible\" data-id=\"4af523f\" data-element_type=\"column\" data-e-type=\"column\" data-settings=\"{&quot;background_background&quot;:&quot;classic&quot;,&quot;animation&quot;:&quot;fadeInDown&quot;}\">\n\t\t\t<div class=\"elementor-widget-wrap elementor-element-populated\">\n\t\t\t\t\t<div class=\"elementor-background-overlay\"><\/div>\n\t\t\t\t\t\t\t<\/div>\n\t\t<\/div>\n\t\t\t\t\t<\/div>\n\t\t<\/section>\n\t\t\t\t<\/div>\n\t\t","protected":false},"excerpt":{"rendered":"<p>Industrielle Planung und Co-Design Ausgehend von der Entwicklung einer Idee in Hinsicht auf Machbarkeit, Design und sonstige technische Aspekte kann unser technisches B\u00fcro dem Kunden vom Entwurf bis zur endg\u00fcltigen Fertigung des Produkts zur Seite stehen und dabei h\u00f6chste Qualit\u00e4t gew\u00e4hrleisten. Wir streben immer nach den besten L\u00f6sungen, um ein Produkt garantieren zu k\u00f6nnen, das [&hellip;]<\/p>\n","protected":false},"author":1,"featured_media":1406,"parent":0,"menu_order":0,"comment_status":"closed","ping_status":"closed","template":"","meta":{"footnotes":""},"class_list":["post-2060","page","type-page","status-publish","has-post-thumbnail","hentry"],"yoast_head":"<!-- This site is optimized with the Yoast SEO plugin v27.5 - https:\/\/yoast.com\/product\/yoast-seo-wordpress\/ -->\n<title>Entwurf - Persichetti stampi<\/title>\n<meta name=\"robots\" content=\"index, follow, max-snippet:-1, max-image-preview:large, max-video-preview:-1\" \/>\n<link rel=\"canonical\" href=\"https:\/\/www.persichetti.biz\/de\/entwurf\/\" \/>\n<meta property=\"og:locale\" content=\"de_DE\" \/>\n<meta property=\"og:type\" content=\"article\" \/>\n<meta property=\"og:title\" content=\"Entwurf - Persichetti stampi\" \/>\n<meta property=\"og:description\" content=\"Industrielle Planung und Co-Design Ausgehend von der Entwicklung einer Idee in Hinsicht auf Machbarkeit, Design und sonstige technische Aspekte kann unser technisches B\u00fcro dem Kunden vom Entwurf bis zur endg\u00fcltigen Fertigung des Produkts zur Seite stehen und dabei h\u00f6chste Qualit\u00e4t gew\u00e4hrleisten. Wir streben immer nach den besten L\u00f6sungen, um ein Produkt garantieren zu k\u00f6nnen, das [&hellip;]\" \/>\n<meta property=\"og:url\" content=\"https:\/\/www.persichetti.biz\/de\/entwurf\/\" \/>\n<meta property=\"og:site_name\" content=\"Persichetti stampi\" \/>\n<meta property=\"article:modified_time\" content=\"2022-09-23T16:31:19+00:00\" \/>\n<meta property=\"og:image\" content=\"https:\/\/www.persichetti.biz\/wp-content\/uploads\/2022\/06\/progettazione_industriale_codesignanalisi_flusso.jpg\" \/>\n\t<meta property=\"og:image:width\" content=\"1920\" \/>\n\t<meta property=\"og:image:height\" content=\"1280\" \/>\n\t<meta property=\"og:image:type\" content=\"image\/jpeg\" \/>\n<meta name=\"twitter:card\" content=\"summary_large_image\" \/>\n<meta name=\"twitter:label1\" content=\"Gesch\u00e4tzte Lesezeit\" \/>\n\t<meta name=\"twitter:data1\" content=\"2\u00a0Minuten\" \/>\n<script type=\"application\/ld+json\" class=\"yoast-schema-graph\">{\"@context\":\"https:\\\/\\\/schema.org\",\"@graph\":[{\"@type\":\"WebPage\",\"@id\":\"https:\\\/\\\/www.persichetti.biz\\\/de\\\/entwurf\\\/\",\"url\":\"https:\\\/\\\/www.persichetti.biz\\\/de\\\/entwurf\\\/\",\"name\":\"Entwurf - Persichetti stampi\",\"isPartOf\":{\"@id\":\"https:\\\/\\\/www.persichetti.biz\\\/#website\"},\"primaryImageOfPage\":{\"@id\":\"https:\\\/\\\/www.persichetti.biz\\\/de\\\/entwurf\\\/#primaryimage\"},\"image\":{\"@id\":\"https:\\\/\\\/www.persichetti.biz\\\/de\\\/entwurf\\\/#primaryimage\"},\"thumbnailUrl\":\"https:\\\/\\\/www.persichetti.biz\\\/wp-content\\\/uploads\\\/2022\\\/06\\\/progettazione_industriale_codesignanalisi_flusso.jpg\",\"datePublished\":\"2022-02-03T09:59:04+00:00\",\"dateModified\":\"2022-09-23T16:31:19+00:00\",\"breadcrumb\":{\"@id\":\"https:\\\/\\\/www.persichetti.biz\\\/de\\\/entwurf\\\/#breadcrumb\"},\"inLanguage\":\"de\",\"potentialAction\":[{\"@type\":\"ReadAction\",\"target\":[\"https:\\\/\\\/www.persichetti.biz\\\/de\\\/entwurf\\\/\"]}]},{\"@type\":\"ImageObject\",\"inLanguage\":\"de\",\"@id\":\"https:\\\/\\\/www.persichetti.biz\\\/de\\\/entwurf\\\/#primaryimage\",\"url\":\"https:\\\/\\\/www.persichetti.biz\\\/wp-content\\\/uploads\\\/2022\\\/06\\\/progettazione_industriale_codesignanalisi_flusso.jpg\",\"contentUrl\":\"https:\\\/\\\/www.persichetti.biz\\\/wp-content\\\/uploads\\\/2022\\\/06\\\/progettazione_industriale_codesignanalisi_flusso.jpg\",\"width\":1920,\"height\":1280},{\"@type\":\"BreadcrumbList\",\"@id\":\"https:\\\/\\\/www.persichetti.biz\\\/de\\\/entwurf\\\/#breadcrumb\",\"itemListElement\":[{\"@type\":\"ListItem\",\"position\":1,\"name\":\"Home\",\"item\":\"https:\\\/\\\/www.persichetti.biz\\\/de\\\/\"},{\"@type\":\"ListItem\",\"position\":2,\"name\":\"Entwurf\"}]},{\"@type\":\"WebSite\",\"@id\":\"https:\\\/\\\/www.persichetti.biz\\\/#website\",\"url\":\"https:\\\/\\\/www.persichetti.biz\\\/\",\"name\":\"Persichetti stampi\",\"description\":\"Un nuovo sito targato WordPress\",\"publisher\":{\"@id\":\"https:\\\/\\\/www.persichetti.biz\\\/#organization\"},\"potentialAction\":[{\"@type\":\"SearchAction\",\"target\":{\"@type\":\"EntryPoint\",\"urlTemplate\":\"https:\\\/\\\/www.persichetti.biz\\\/?s={search_term_string}\"},\"query-input\":{\"@type\":\"PropertyValueSpecification\",\"valueRequired\":true,\"valueName\":\"search_term_string\"}}],\"inLanguage\":\"de\"},{\"@type\":\"Organization\",\"@id\":\"https:\\\/\\\/www.persichetti.biz\\\/#organization\",\"name\":\"Persichetti Stampi\",\"url\":\"https:\\\/\\\/www.persichetti.biz\\\/\",\"logo\":{\"@type\":\"ImageObject\",\"inLanguage\":\"de\",\"@id\":\"https:\\\/\\\/www.persichetti.biz\\\/#\\\/schema\\\/logo\\\/image\\\/\",\"url\":\"https:\\\/\\\/www.persichetti.biz\\\/wp-content\\\/uploads\\\/2022\\\/02\\\/Logo-Persichetti-srl-semplificato-colore.png\",\"contentUrl\":\"https:\\\/\\\/www.persichetti.biz\\\/wp-content\\\/uploads\\\/2022\\\/02\\\/Logo-Persichetti-srl-semplificato-colore.png\",\"width\":825,\"height\":165,\"caption\":\"Persichetti Stampi\"},\"image\":{\"@id\":\"https:\\\/\\\/www.persichetti.biz\\\/#\\\/schema\\\/logo\\\/image\\\/\"}}]}<\/script>\n<!-- \/ Yoast SEO plugin. -->","yoast_head_json":{"title":"Entwurf - Persichetti stampi","robots":{"index":"index","follow":"follow","max-snippet":"max-snippet:-1","max-image-preview":"max-image-preview:large","max-video-preview":"max-video-preview:-1"},"canonical":"https:\/\/www.persichetti.biz\/de\/entwurf\/","og_locale":"de_DE","og_type":"article","og_title":"Entwurf - Persichetti stampi","og_description":"Industrielle Planung und Co-Design Ausgehend von der Entwicklung einer Idee in Hinsicht auf Machbarkeit, Design und sonstige technische Aspekte kann unser technisches B\u00fcro dem Kunden vom Entwurf bis zur endg\u00fcltigen Fertigung des Produkts zur Seite stehen und dabei h\u00f6chste Qualit\u00e4t gew\u00e4hrleisten. Wir streben immer nach den besten L\u00f6sungen, um ein Produkt garantieren zu k\u00f6nnen, das [&hellip;]","og_url":"https:\/\/www.persichetti.biz\/de\/entwurf\/","og_site_name":"Persichetti stampi","article_modified_time":"2022-09-23T16:31:19+00:00","og_image":[{"width":1920,"height":1280,"url":"https:\/\/www.persichetti.biz\/wp-content\/uploads\/2022\/06\/progettazione_industriale_codesignanalisi_flusso.jpg","type":"image\/jpeg"}],"twitter_card":"summary_large_image","twitter_misc":{"Gesch\u00e4tzte Lesezeit":"2\u00a0Minuten"},"schema":{"@context":"https:\/\/schema.org","@graph":[{"@type":"WebPage","@id":"https:\/\/www.persichetti.biz\/de\/entwurf\/","url":"https:\/\/www.persichetti.biz\/de\/entwurf\/","name":"Entwurf - Persichetti stampi","isPartOf":{"@id":"https:\/\/www.persichetti.biz\/#website"},"primaryImageOfPage":{"@id":"https:\/\/www.persichetti.biz\/de\/entwurf\/#primaryimage"},"image":{"@id":"https:\/\/www.persichetti.biz\/de\/entwurf\/#primaryimage"},"thumbnailUrl":"https:\/\/www.persichetti.biz\/wp-content\/uploads\/2022\/06\/progettazione_industriale_codesignanalisi_flusso.jpg","datePublished":"2022-02-03T09:59:04+00:00","dateModified":"2022-09-23T16:31:19+00:00","breadcrumb":{"@id":"https:\/\/www.persichetti.biz\/de\/entwurf\/#breadcrumb"},"inLanguage":"de","potentialAction":[{"@type":"ReadAction","target":["https:\/\/www.persichetti.biz\/de\/entwurf\/"]}]},{"@type":"ImageObject","inLanguage":"de","@id":"https:\/\/www.persichetti.biz\/de\/entwurf\/#primaryimage","url":"https:\/\/www.persichetti.biz\/wp-content\/uploads\/2022\/06\/progettazione_industriale_codesignanalisi_flusso.jpg","contentUrl":"https:\/\/www.persichetti.biz\/wp-content\/uploads\/2022\/06\/progettazione_industriale_codesignanalisi_flusso.jpg","width":1920,"height":1280},{"@type":"BreadcrumbList","@id":"https:\/\/www.persichetti.biz\/de\/entwurf\/#breadcrumb","itemListElement":[{"@type":"ListItem","position":1,"name":"Home","item":"https:\/\/www.persichetti.biz\/de\/"},{"@type":"ListItem","position":2,"name":"Entwurf"}]},{"@type":"WebSite","@id":"https:\/\/www.persichetti.biz\/#website","url":"https:\/\/www.persichetti.biz\/","name":"Persichetti stampi","description":"Un nuovo sito targato WordPress","publisher":{"@id":"https:\/\/www.persichetti.biz\/#organization"},"potentialAction":[{"@type":"SearchAction","target":{"@type":"EntryPoint","urlTemplate":"https:\/\/www.persichetti.biz\/?s={search_term_string}"},"query-input":{"@type":"PropertyValueSpecification","valueRequired":true,"valueName":"search_term_string"}}],"inLanguage":"de"},{"@type":"Organization","@id":"https:\/\/www.persichetti.biz\/#organization","name":"Persichetti Stampi","url":"https:\/\/www.persichetti.biz\/","logo":{"@type":"ImageObject","inLanguage":"de","@id":"https:\/\/www.persichetti.biz\/#\/schema\/logo\/image\/","url":"https:\/\/www.persichetti.biz\/wp-content\/uploads\/2022\/02\/Logo-Persichetti-srl-semplificato-colore.png","contentUrl":"https:\/\/www.persichetti.biz\/wp-content\/uploads\/2022\/02\/Logo-Persichetti-srl-semplificato-colore.png","width":825,"height":165,"caption":"Persichetti Stampi"},"image":{"@id":"https:\/\/www.persichetti.biz\/#\/schema\/logo\/image\/"}}]}},"_links":{"self":[{"href":"https:\/\/www.persichetti.biz\/de\/wp-json\/wp\/v2\/pages\/2060","targetHints":{"allow":["GET"]}}],"collection":[{"href":"https:\/\/www.persichetti.biz\/de\/wp-json\/wp\/v2\/pages"}],"about":[{"href":"https:\/\/www.persichetti.biz\/de\/wp-json\/wp\/v2\/types\/page"}],"author":[{"embeddable":true,"href":"https:\/\/www.persichetti.biz\/de\/wp-json\/wp\/v2\/users\/1"}],"replies":[{"embeddable":true,"href":"https:\/\/www.persichetti.biz\/de\/wp-json\/wp\/v2\/comments?post=2060"}],"version-history":[{"count":3,"href":"https:\/\/www.persichetti.biz\/de\/wp-json\/wp\/v2\/pages\/2060\/revisions"}],"predecessor-version":[{"id":2315,"href":"https:\/\/www.persichetti.biz\/de\/wp-json\/wp\/v2\/pages\/2060\/revisions\/2315"}],"wp:featuredmedia":[{"embeddable":true,"href":"https:\/\/www.persichetti.biz\/de\/wp-json\/wp\/v2\/media\/1406"}],"wp:attachment":[{"href":"https:\/\/www.persichetti.biz\/de\/wp-json\/wp\/v2\/media?parent=2060"}],"curies":[{"name":"wp","href":"https:\/\/api.w.org\/{rel}","templated":true}]}}